{"id":1164,"date":"2023-05-02T14:28:38","date_gmt":"2023-05-02T12:28:38","guid":{"rendered":"https:\/\/veneziacentopercento.elan42.com\/terms\/"},"modified":"2023-05-23T11:05:26","modified_gmt":"2023-05-23T09:05:26","slug":"terms","status":"publish","type":"page","link":"https:\/\/veneziacentopercento.it\/it\/terms\/","title":{"rendered":"Terms"},"content":{"rendered":"\t\t<div data-elementor-type=\"wp-page\" data-elementor-id=\"1164\" class=\"elementor elementor-1164 elementor-576\" data-elementor-post-type=\"page\">\n\t\t\t\t\t\t<section class=\"elementor-section elementor-top-section elementor-element elementor-element-b2a6545 elementor-section-boxed elementor-section-height-default elementor-section-height-default\" data-id=\"b2a6545\" data-element_type=\"section\" data-e-type=\"section\">\n\t\t\t\t\t\t<div class=\"elementor-container elementor-column-gap-default\">\n\t\t\t\t\t<div class=\"elementor-column elementor-col-100 elementor-top-column elementor-element elementor-element-5f00538\" data-id=\"5f00538\" data-element_type=\"column\" data-e-type=\"column\">\n\t\t\t<div class=\"elementor-widget-wrap elementor-element-populated\">\n\t\t\t\t\t\t<div class=\"elementor-element elementor-element-fd62613 elementor-widget elementor-widget-heading\" data-id=\"fd62613\" data-element_type=\"widget\" data-e-type=\"widget\" data-widget_type=\"heading.default\">\n\t\t\t\t<div class=\"elementor-widget-container\">\n\t\t\t\t\t<h1 class=\"elementor-heading-title elementor-size-default\">Terms<\/h1>\t\t\t\t<\/div>\n\t\t\t\t<\/div>\n\t\t\t\t\t<\/div>\n\t\t<\/div>\n\t\t\t\t\t<\/div>\n\t\t<\/section>\n\t\t\t\t<section class=\"elementor-section elementor-top-section elementor-element elementor-element-8d6c172 elementor-section-boxed elementor-section-height-default elementor-section-height-default\" data-id=\"8d6c172\" data-element_type=\"section\" data-e-type=\"section\">\n\t\t\t\t\t\t<div class=\"elementor-container elementor-column-gap-default\">\n\t\t\t\t\t<div class=\"elementor-column elementor-col-100 elementor-top-column elementor-element elementor-element-a349407\" data-id=\"a349407\" data-element_type=\"column\" data-e-type=\"column\">\n\t\t\t<div class=\"elementor-widget-wrap elementor-element-populated\">\n\t\t\t\t\t\t<div class=\"elementor-element elementor-element-6ee5722 elementor-widget elementor-widget-text-editor\" data-id=\"6ee5722\" data-element_type=\"widget\" data-e-type=\"widget\" data-widget_type=\"text-editor.default\">\n\t\t\t\t<div class=\"elementor-widget-container\">\n\t\t\t\t\t\t\t\t\t<p><strong>1. CONDIZIONI GENERALI CONDIZIONI<\/strong><\/p><p>Il prezzo comprende: affitto dell\u2019appartamento e\/o della stanza e delle eventuali servit\u00f9 accessorie (giardino, ascensore, ecc), pulizie finali, biancheria da letto, cucina e bagno (un cambio a settimana), spese di gas, elettricit\u00e0, acqua e rifiuti se non diversamente specificato nelle nostre comunicazioni, assistenza completa da parte del nostro staff.<\/p><p><strong>2. PAGAMENTO E CONDIZIONI DI PRENOTAZIONE<br \/><\/strong><\/p><p>La prenotazione degli appartamenti veneziacentopercento.it pu\u00f2 effettuarsi con le seguenti modalit\u00e0:<br \/>BOOKING ON-LINE DIRETTO CON CARTA DI CREDITO: Nessun importo viene trattenuto, i dati della carta dopo essere stati verificati sono conservati a garanzia della prenotazione. Dopo la scadenza dei termini di cancellazione (si veda punto 5) verranno applicate le eventuali penali previste.<br \/>BOOKING ON-REQUEST (su richiesta e-mail, fax o telefono) dopo conferma della disponibilit\u00e0 nel periodo prescelto, veneziacentopercento.it riserver\u00e0 la vostra opzione da 24 a 48 ore o periodo pi\u00f9 lungo se concordato.<br \/>Entro quel periodo dovr\u00e0 essere effettuato un acconto pari al 30% dell\u2019intero importo del soggiorno.<br \/>Il saldo dovr\u00e0 essere regolato all\u2019arrivo dei signori ospiti presso la struttura prescelta.<br \/>I metodi di pagamento accettati sono i seguenti:<br \/><em><strong>&#8211; <\/strong><\/em><strong>Bonifico Bancario<\/strong> intestato a Boselli Silvia \u2013 Banca Mediolanum \u2013 Basiglio (Milano)<\/p><div class=\"tab-container\"><table><tbody><tr><td>Bic Code<\/td><td>MEDBITMM<\/td><td>\u00a0<\/td><td>\u00a0<\/td><td>\u00a0<\/td><td>\u00a0<\/td><td>\u00a0<\/td><\/tr><tr><td>\u00a0<\/td><td>Paese<\/td><td>CIN-EU<\/td><td>CIN-IT<\/td><td>ABI<\/td><td>CAB<\/td><td>N.CONTO<\/td><\/tr><tr><td>IBAN CODE<\/td><td>IT<\/td><td>20<\/td><td>I<\/td><td>03062<\/td><td>34210<\/td><td>\u00a0000000952837<\/td><\/tr><\/tbody><\/table><\/div><p><strong><em>&#8211; <\/em>PostePay<\/strong> n. 4023 6009 6512 1652 intestata a Boselli Silvia<br \/><em><strong>&#8211; <\/strong><\/em><strong>Carta di credito<\/strong> (fornendo un numero di carta di credito in corso di validit\u00e0, intestatario, data di scadenza e autorizzazione al prelievo dalla carta)<br \/><em><a href=\"https:\/\/paypal.me\/veneziacentopercento\" target=\"_blank\" rel=\"noopener noreferrer\"><strong>&#8211; <\/strong><\/a><\/em><a href=\"https:\/\/paypal.me\/veneziacentopercento\" target=\"_blank\" rel=\"noopener noreferrer\"><strong>PAYPAL<\/strong><\/a> (usando come destinatario del versamento la mail\u00a0info@veneziacentopercento.it)<\/p><table width=\"437\"><tbody><tr><td><img decoding=\"async\" class=\"aligncenter wp-image-7011\" src=\"https:\/\/www.veneziacentopercento.it\/wp-content\/uploads\/2019\/02\/mastercard-90.jpg\" alt=\"\" width=\"53\" height=\"40\" \/><\/td><td><img decoding=\"async\" class=\"aligncenter wp-image-7017\" src=\"https:\/\/www.veneziacentopercento.it\/wp-content\/uploads\/2019\/02\/visa-68-1.jpg\" alt=\"\" width=\"98\" height=\"40\" \/><\/td><td><a href=\"https:\/\/paypal.me\/veneziacentopercento\" target=\"_blank\" rel=\"noopener noreferrer\"><img decoding=\"async\" class=\"aligncenter wp-image-7018\" src=\"https:\/\/www.veneziacentopercento.it\/wp-content\/uploads\/2019\/02\/paypoal-68.jpg\" alt=\"\" width=\"122\" height=\"40\" \/><\/a><\/td><td><img loading=\"lazy\" decoding=\"async\" class=\"aligncenter wp-image-7013\" src=\"https:\/\/www.veneziacentopercento.it\/wp-content\/uploads\/2019\/02\/postepay-90x68.jpg\" alt=\"\" width=\"114\" height=\"40\" \/><\/td><\/tr><\/tbody><\/table><div class=\"wpb_text_column wpb_content_element \"><div class=\"wpb_wrapper\"><p><strong>3. DEPOSITO CAUZIONALE<\/strong><\/p><p>SOLO per soggiorni presso i nostri appartamenti, al vostro arrivo vi sar\u00e0 richiesto un deposito cauzionale che sar\u00e0 tenuto a garanzia di eventuali danni e\/o spese aggiuntive. Potr\u00e0 essere versato con assegno bancario o contante e vi sar\u00e0 restituito alla vostra partenza a fronte della riconsegna dell\u2019appartamento in ordine ed esente da danni.<\/p><p class=\"p1\"><strong>4. ARRIVI E PARTENZE<\/strong><\/p><p class=\"p1\">L\u2019appuntamento con il nostro staff all\u2019inizio del soggiorno \u00e8 di norma presso il B&amp;B.\u00a0Ricordate di contattarci 3 giorni\u00a0prima\u00a0per fissare esattamente l\u2019ora ed il luogo dell\u2019appuntamento\u00a0poich\u00e9\u00a0un B&amp;B non\u00a0dispone\u00a0di reception.\u2028CHECK-IN: L\u2019entrata \u00e8 possibile a partire dalle ore 15.30 fino alle ore 20.00.\u2028Previo accordo \u00e8 possibile organizzare un arrivo tardivo, comunque entro e non oltre le ore 23.00, con sovrapprezzo pari a Euro 50.00. Se avete questa esigenza contattateci preventivamente.\u2028Dopo le 23.00 le nostre strutture chiudono e non \u00e8 pi\u00f9 possibile effettuare il check-in.<br \/>CHECK OUT:\u00a0All\u2019arrivo dovrete comunicare l\u2019orario di uscita per il giorno della vostra partenza; le strutture dovranno comunque essere lasciate libere entro le 11.00 ma sar\u00e0 possibile lasciare in deposito i bagagli al B&amp;B concordandone il ritiro.<\/p><p class=\"p1\"><strong>5. POLITICA DI CANCELLAZIONE<\/strong><\/p><p class=\"p1\">Early departure and \/ or no show.<br \/>Partenza anticipata e\/o mancato arrivo.<br \/>Termini di cancellazione senza alcuna penale: entro 7 giorni prima della data di arrivo. In caso di cancellazione da 1 a 7 giorni prima dell\u2019inizio del soggiorno verr\u00e0 trattenuto un importo pari al 30% del totale della prenotazione. Per cancellazioni avvenute nelle utime 24 ore prima dell\u2019arrivo o in caso di \u201cNo Show\u201d, verr\u00e0 trattenuto l\u2019intero importo della prenotazione. Non sono previsti rimborsi in caso di partenza anticipata e\/o mancato arrivo dopo la scadenza dei termini di cancellazione. Prenotazioni da offerte speciali \u201cPrepagate\u201d: NON \u00e8 previsto alcun tipo di rimborso n\u00e9 altra agevolazione.<\/p><p><strong>6. PULIZIE<\/strong><br \/>All\u2019arrivo troverete il vostro appartamento pulito ed ordinato. Le pulizie finali sono da considerarsi comprese nel prezzo se l\u2019appartamento o le stanze vengono riconsegnati non troppo in disordine, altrimenti viene applicata una tariffa aggiuntiva di 40 Euro.<\/p><p><strong>7. REGOLAMENTI CONDOMINIALI<\/strong><\/p><p>Dovranno essere rispettate tutte le regole degli immobili condominiali, astenendosi dal dare disturbo alle altre famiglie ed evitando rumori molesti, particolarmente dalle ore 13.00 alle 15.00 e dalle ore 22.00 alle 08.00 (vedi Regolamento di Polizia Urbana del Comune di Venezia).\u2028Gli animali sono ammessi, previo accordo prima della prenotazione.<br \/>In caso in cui non siano rispettate le regole condominiali, veneziacentopercento avr\u00e0 diritto, tramite i propri responsabili, di farvi lasciare l\u2019appartamento senza alcun rimborso.<\/p><p><strong>8. RESPONSABILIT\u00c0<\/strong><\/p><p>La perdita delle chiavi, la dimenticanza delle stesse all\u2019interno dell\u2019appartamento, con conseguente intervento del nostro staff, avr\u00e0 un costo aggiuntivo che vi sar\u00e0 caricato.<br \/>In caso di problemi tecnici o di pulizia non adeguata, siete gentilmente invitati a contattare il nostro staff immediatamente per risolvere il problema quanto prima e permettervi di godere in pieno della vostra vacanza.<\/p><p>Per ulteriori informazioni scarica le nostre regole della casa.<\/p><\/div><\/div>\t\t\t\t\t\t\t\t<\/div>\n\t\t\t\t<\/div>\n\t\t\t\t\t<\/div>\n\t\t<\/div>\n\t\t\t\t\t<\/div>\n\t\t<\/section>\n\t\t\t\t<section class=\"elementor-section elementor-top-section elementor-element elementor-element-7008839 elementor-section-boxed elementor-section-height-default elementor-section-height-default\" data-id=\"7008839\" data-element_type=\"section\" data-e-type=\"section\">\n\t\t\t\t\t\t<div class=\"elementor-container elementor-column-gap-default\">\n\t\t\t\t\t<div class=\"elementor-column elementor-col-100 elementor-top-column elementor-element elementor-element-112e58c\" data-id=\"112e58c\" data-element_type=\"column\" data-e-type=\"column\">\n\t\t\t<div class=\"elementor-widget-wrap elementor-element-populated\">\n\t\t\t\t\t\t<div class=\"elementor-element elementor-element-5255391 elementor-align-left elementor-mobile-align-left elementor-widget elementor-widget-button\" data-id=\"5255391\" data-element_type=\"widget\" data-e-type=\"widget\" data-widget_type=\"button.default\">\n\t\t\t\t<div class=\"elementor-widget-container\">\n\t\t\t\t\t\t\t\t\t<div class=\"elementor-button-wrapper\">\n\t\t\t\t\t<a class=\"elementor-button elementor-button-link elementor-size-sm\" href=\"https:\/\/veneziacentopercento.it\/wp-content\/uploads\/2023\/05\/regole-della-casa-Ita-.pdf\">\n\t\t\t\t\t\t<span class=\"elementor-button-content-wrapper\">\n\t\t\t\t\t\t\t\t\t<span class=\"elementor-button-text\">Scopri di pi\u00f9<\/span>\n\t\t\t\t\t<\/span>\n\t\t\t\t\t<\/a>\n\t\t\t\t<\/div>\n\t\t\t\t\t\t\t\t<\/div>\n\t\t\t\t<\/div>\n\t\t\t\t\t<\/div>\n\t\t<\/div>\n\t\t\t\t\t<\/div>\n\t\t<\/section>\n\t\t\t\t<\/div>\n\t\t","protected":false},"excerpt":{"rendered":"<p>1. CONDIZIONI GENERALI CONDIZIONI Il prezzo comprende: affitto dell\u2019appartamento e\/o della stanza e delle eventuali servit\u00f9 accessorie (giardino, ascensore, ecc), pulizie finali, biancheria da letto, cucina e bagno (un cambio a settimana), spese di gas, elettricit\u00e0, acqua e rifiuti se non diversamente specificato nelle nostre comunicazioni, assistenza completa da parte del nostro staff. 2. PAGAMENTO [&hellip;]<\/p>\n","protected":false},"author":1,"featured_media":0,"parent":0,"menu_order":0,"comment_status":"closed","ping_status":"closed","template":"","meta":{"footnotes":""},"class_list":["post-1164","page","type-page","status-publish","hentry"],"yoast_head":"<!-- This site is optimized with the Yoast SEO plugin v27.2 - https:\/\/yoast.com\/product\/yoast-seo-wordpress\/ -->\n<title>Terms - Venezia centopercento<\/title>\n<meta name=\"robots\" content=\"index, follow, max-snippet:-1, max-image-preview:large, max-video-preview:-1\" \/>\n<link rel=\"canonical\" href=\"https:\/\/veneziacentopercento.it\/it\/terms\/\" \/>\n<meta property=\"og:locale\" content=\"it_IT\" \/>\n<meta property=\"og:type\" content=\"article\" \/>\n<meta property=\"og:title\" content=\"Terms - Venezia centopercento\" \/>\n<meta property=\"og:description\" content=\"1. CONDIZIONI GENERALI CONDIZIONI Il prezzo comprende: affitto dell\u2019appartamento e\/o della stanza e delle eventuali servit\u00f9 accessorie (giardino, ascensore, ecc), pulizie finali, biancheria da letto, cucina e bagno (un cambio a settimana), spese di gas, elettricit\u00e0, acqua e rifiuti se non diversamente specificato nelle nostre comunicazioni, assistenza completa da parte del nostro staff. 2. PAGAMENTO [&hellip;]\" \/>\n<meta property=\"og:url\" content=\"https:\/\/veneziacentopercento.it\/it\/terms\/\" \/>\n<meta property=\"og:site_name\" content=\"Venezia centopercento\" \/>\n<meta property=\"article:modified_time\" content=\"2023-05-23T09:05:26+00:00\" \/>\n<meta property=\"og:image\" content=\"https:\/\/www.veneziacentopercento.it\/wp-content\/uploads\/2019\/02\/mastercard-90.jpg\" \/>\n<meta name=\"twitter:card\" content=\"summary_large_image\" \/>\n<meta name=\"twitter:label1\" content=\"Tempo di lettura stimato\" \/>\n\t<meta name=\"twitter:data1\" content=\"5 minuti\" \/>\n<script type=\"application\/ld+json\" class=\"yoast-schema-graph\">{\"@context\":\"https:\/\/schema.org\",\"@graph\":[{\"@type\":\"WebPage\",\"@id\":\"https:\/\/veneziacentopercento.it\/it\/terms\/\",\"url\":\"https:\/\/veneziacentopercento.it\/it\/terms\/\",\"name\":\"Terms - Venezia centopercento\",\"isPartOf\":{\"@id\":\"https:\/\/veneziacentopercento.it\/#website\"},\"primaryImageOfPage\":{\"@id\":\"https:\/\/veneziacentopercento.it\/it\/terms\/#primaryimage\"},\"image\":{\"@id\":\"https:\/\/veneziacentopercento.it\/it\/terms\/#primaryimage\"},\"thumbnailUrl\":\"https:\/\/www.veneziacentopercento.it\/wp-content\/uploads\/2019\/02\/mastercard-90.jpg\",\"datePublished\":\"2023-05-02T12:28:38+00:00\",\"dateModified\":\"2023-05-23T09:05:26+00:00\",\"breadcrumb\":{\"@id\":\"https:\/\/veneziacentopercento.it\/it\/terms\/#breadcrumb\"},\"inLanguage\":\"it-IT\",\"potentialAction\":[{\"@type\":\"ReadAction\",\"target\":[\"https:\/\/veneziacentopercento.it\/it\/terms\/\"]}]},{\"@type\":\"ImageObject\",\"inLanguage\":\"it-IT\",\"@id\":\"https:\/\/veneziacentopercento.it\/it\/terms\/#primaryimage\",\"url\":\"https:\/\/www.veneziacentopercento.it\/wp-content\/uploads\/2019\/02\/mastercard-90.jpg\",\"contentUrl\":\"https:\/\/www.veneziacentopercento.it\/wp-content\/uploads\/2019\/02\/mastercard-90.jpg\"},{\"@type\":\"BreadcrumbList\",\"@id\":\"https:\/\/veneziacentopercento.it\/it\/terms\/#breadcrumb\",\"itemListElement\":[{\"@type\":\"ListItem\",\"position\":1,\"name\":\"Home\",\"item\":\"https:\/\/veneziacentopercento.it\/it\/\"},{\"@type\":\"ListItem\",\"position\":2,\"name\":\"Terms\"}]},{\"@type\":\"WebSite\",\"@id\":\"https:\/\/veneziacentopercento.it\/#website\",\"url\":\"https:\/\/veneziacentopercento.it\/\",\"name\":\"Veneziacentopercento\",\"description\":\"Affordable apartments in Venice\",\"publisher\":{\"@id\":\"https:\/\/veneziacentopercento.it\/#organization\"},\"potentialAction\":[{\"@type\":\"SearchAction\",\"target\":{\"@type\":\"EntryPoint\",\"urlTemplate\":\"https:\/\/veneziacentopercento.it\/?s={search_term_string}\"},\"query-input\":{\"@type\":\"PropertyValueSpecification\",\"valueRequired\":true,\"valueName\":\"search_term_string\"}}],\"inLanguage\":\"it-IT\"},{\"@type\":\"Organization\",\"@id\":\"https:\/\/veneziacentopercento.it\/#organization\",\"name\":\"Veneziacentopercento\",\"url\":\"https:\/\/veneziacentopercento.it\/\",\"logo\":{\"@type\":\"ImageObject\",\"inLanguage\":\"it-IT\",\"@id\":\"https:\/\/veneziacentopercento.it\/#\/schema\/logo\/image\/\",\"url\":\"https:\/\/veneziacentopercento.it\/wp-content\/uploads\/2023\/04\/Veneziacentopercento_logo_2.png\",\"contentUrl\":\"https:\/\/veneziacentopercento.it\/wp-content\/uploads\/2023\/04\/Veneziacentopercento_logo_2.png\",\"width\":1845,\"height\":242,\"caption\":\"Veneziacentopercento\"},\"image\":{\"@id\":\"https:\/\/veneziacentopercento.it\/#\/schema\/logo\/image\/\"}}]}<\/script>\n<!-- \/ Yoast SEO plugin. -->","yoast_head_json":{"title":"Terms - Venezia centopercento","robots":{"index":"index","follow":"follow","max-snippet":"max-snippet:-1","max-image-preview":"max-image-preview:large","max-video-preview":"max-video-preview:-1"},"canonical":"https:\/\/veneziacentopercento.it\/it\/terms\/","og_locale":"it_IT","og_type":"article","og_title":"Terms - Venezia centopercento","og_description":"1. CONDIZIONI GENERALI CONDIZIONI Il prezzo comprende: affitto dell\u2019appartamento e\/o della stanza e delle eventuali servit\u00f9 accessorie (giardino, ascensore, ecc), pulizie finali, biancheria da letto, cucina e bagno (un cambio a settimana), spese di gas, elettricit\u00e0, acqua e rifiuti se non diversamente specificato nelle nostre comunicazioni, assistenza completa da parte del nostro staff. 2. PAGAMENTO [&hellip;]","og_url":"https:\/\/veneziacentopercento.it\/it\/terms\/","og_site_name":"Venezia centopercento","article_modified_time":"2023-05-23T09:05:26+00:00","og_image":[{"url":"https:\/\/www.veneziacentopercento.it\/wp-content\/uploads\/2019\/02\/mastercard-90.jpg","type":"","width":"","height":""}],"twitter_card":"summary_large_image","twitter_misc":{"Tempo di lettura stimato":"5 minuti"},"schema":{"@context":"https:\/\/schema.org","@graph":[{"@type":"WebPage","@id":"https:\/\/veneziacentopercento.it\/it\/terms\/","url":"https:\/\/veneziacentopercento.it\/it\/terms\/","name":"Terms - Venezia centopercento","isPartOf":{"@id":"https:\/\/veneziacentopercento.it\/#website"},"primaryImageOfPage":{"@id":"https:\/\/veneziacentopercento.it\/it\/terms\/#primaryimage"},"image":{"@id":"https:\/\/veneziacentopercento.it\/it\/terms\/#primaryimage"},"thumbnailUrl":"https:\/\/www.veneziacentopercento.it\/wp-content\/uploads\/2019\/02\/mastercard-90.jpg","datePublished":"2023-05-02T12:28:38+00:00","dateModified":"2023-05-23T09:05:26+00:00","breadcrumb":{"@id":"https:\/\/veneziacentopercento.it\/it\/terms\/#breadcrumb"},"inLanguage":"it-IT","potentialAction":[{"@type":"ReadAction","target":["https:\/\/veneziacentopercento.it\/it\/terms\/"]}]},{"@type":"ImageObject","inLanguage":"it-IT","@id":"https:\/\/veneziacentopercento.it\/it\/terms\/#primaryimage","url":"https:\/\/www.veneziacentopercento.it\/wp-content\/uploads\/2019\/02\/mastercard-90.jpg","contentUrl":"https:\/\/www.veneziacentopercento.it\/wp-content\/uploads\/2019\/02\/mastercard-90.jpg"},{"@type":"BreadcrumbList","@id":"https:\/\/veneziacentopercento.it\/it\/terms\/#breadcrumb","itemListElement":[{"@type":"ListItem","position":1,"name":"Home","item":"https:\/\/veneziacentopercento.it\/it\/"},{"@type":"ListItem","position":2,"name":"Terms"}]},{"@type":"WebSite","@id":"https:\/\/veneziacentopercento.it\/#website","url":"https:\/\/veneziacentopercento.it\/","name":"Veneziacentopercento","description":"Affordable apartments in Venice","publisher":{"@id":"https:\/\/veneziacentopercento.it\/#organization"},"potentialAction":[{"@type":"SearchAction","target":{"@type":"EntryPoint","urlTemplate":"https:\/\/veneziacentopercento.it\/?s={search_term_string}"},"query-input":{"@type":"PropertyValueSpecification","valueRequired":true,"valueName":"search_term_string"}}],"inLanguage":"it-IT"},{"@type":"Organization","@id":"https:\/\/veneziacentopercento.it\/#organization","name":"Veneziacentopercento","url":"https:\/\/veneziacentopercento.it\/","logo":{"@type":"ImageObject","inLanguage":"it-IT","@id":"https:\/\/veneziacentopercento.it\/#\/schema\/logo\/image\/","url":"https:\/\/veneziacentopercento.it\/wp-content\/uploads\/2023\/04\/Veneziacentopercento_logo_2.png","contentUrl":"https:\/\/veneziacentopercento.it\/wp-content\/uploads\/2023\/04\/Veneziacentopercento_logo_2.png","width":1845,"height":242,"caption":"Veneziacentopercento"},"image":{"@id":"https:\/\/veneziacentopercento.it\/#\/schema\/logo\/image\/"}}]}},"_links":{"self":[{"href":"https:\/\/veneziacentopercento.it\/it\/wp-json\/wp\/v2\/pages\/1164","targetHints":{"allow":["GET"]}}],"collection":[{"href":"https:\/\/veneziacentopercento.it\/it\/wp-json\/wp\/v2\/pages"}],"about":[{"href":"https:\/\/veneziacentopercento.it\/it\/wp-json\/wp\/v2\/types\/page"}],"author":[{"embeddable":true,"href":"https:\/\/veneziacentopercento.it\/it\/wp-json\/wp\/v2\/users\/1"}],"replies":[{"embeddable":true,"href":"https:\/\/veneziacentopercento.it\/it\/wp-json\/wp\/v2\/comments?post=1164"}],"version-history":[{"count":4,"href":"https:\/\/veneziacentopercento.it\/it\/wp-json\/wp\/v2\/pages\/1164\/revisions"}],"predecessor-version":[{"id":1661,"href":"https:\/\/veneziacentopercento.it\/it\/wp-json\/wp\/v2\/pages\/1164\/revisions\/1661"}],"wp:attachment":[{"href":"https:\/\/veneziacentopercento.it\/it\/wp-json\/wp\/v2\/media?parent=1164"}],"curies":[{"name":"wp","href":"https:\/\/api.w.org\/{rel}","templated":true}]}}